{"id":10,"date":"2024-06-03T12:50:56","date_gmt":"2024-06-03T12:50:56","guid":{"rendered":"https:\/\/braeve.dk\/?page_id=10"},"modified":"2025-04-23T12:30:11","modified_gmt":"2025-04-23T12:30:11","slug":"portefoelje","status":"publish","type":"page","link":"https:\/\/braeve.dk\/?page_id=10","title":{"rendered":"Ydelser"},"content":{"rendered":"\n<div class=\"wp-block-cover alignfull is-light\" style=\"min-height:300px;aspect-ratio:unset;\"><span aria-hidden=\"true\" class=\"wp-block-cover__background has-nv-site-bg-background-color has-background-dim-100 has-background-dim\"><\/span><div class=\"wp-block-cover__inner-container is-layout-flow wp-block-cover-is-layout-flow\">\n<div class=\"wp-block-group\"><div class=\"wp-block-group__inner-container is-layout-flow wp-block-group-is-layout-flow\">\n<h1 class=\"wp-block-heading has-text-align-left has-neve-text-color-color has-text-color\">Ydelser<\/h1>\n\n\n\n<p><\/p>\n\n\n\n<h2 class=\"wp-block-heading has-text-align-left has-neve-text-color-color has-text-color\">Kom hurtigt og enkelt i gang med Dynamics 365 Business Central<\/h2>\n\n\n\n<h4 class=\"wp-block-heading has-text-align-left has-neve-text-color-color has-text-color\">Kom godt fra start med Dynamics 365 Business Central<\/h4>\n\n\n\n<p>Vil du hurtigt i gang med Dynamics 365 Business Central og have styr p\u00e5 \u00f8konomien fra start \u2013 til en fast pris?<\/p>\n\n\n\n<p>\u2714 <strong>Nem opstart<\/strong>: Professionel hj\u00e6lp til ops\u00e6tning og brug.<br><br>\u2714 <strong>Fuld overblik<\/strong>: Kend dine udgifter p\u00e5 forh\u00e5nd.<br><br>\u2714 <strong>Forankring og uddannelse<\/strong>: Fokus p\u00e5 b\u00e5de de h\u00e5rde m\u00e5l -og de bl\u00f8de v\u00e6rdier, s\u00e5 du f\u00e5r mest muligt ud af l\u00f8sningen.<\/p>\n\n\n\n<p>Du bliver r\u00e5dgivet af en <strong>erfaren Senior Solution Architect<\/strong> &#8211; Business Central, der sikrer, at din rejse fra A til B f\u00f8lger en standardiseret og best practice tilgang \u2013 med den rette arkitektur og de bedste v\u00e6rkt\u00f8jer for at opn\u00e5 succes.<\/p>\n\n\n<div class=\"wp-block-image\">\n<figure class=\"alignleft size-full\"><img loading=\"lazy\" decoding=\"async\" width=\"1917\" height=\"1436\" src=\"https:\/\/braeve.dk\/wp-content\/uploads\/2024\/12\/Implementeringspakker-BRAEVE-IT-2.png\" alt=\"\" class=\"wp-image-699\" srcset=\"https:\/\/braeve.dk\/wp-content\/uploads\/2024\/12\/Implementeringspakker-BRAEVE-IT-2.png 1917w, https:\/\/braeve.dk\/wp-content\/uploads\/2024\/12\/Implementeringspakker-BRAEVE-IT-2-300x225.png 300w, https:\/\/braeve.dk\/wp-content\/uploads\/2024\/12\/Implementeringspakker-BRAEVE-IT-2-1024x767.png 1024w, https:\/\/braeve.dk\/wp-content\/uploads\/2024\/12\/Implementeringspakker-BRAEVE-IT-2-768x575.png 768w, https:\/\/braeve.dk\/wp-content\/uploads\/2024\/12\/Implementeringspakker-BRAEVE-IT-2-1536x1151.png 1536w\" sizes=\"auto, (max-width: 1917px) 100vw, 1917px\" \/><\/figure>\n<\/div><\/div><\/div>\n<\/div><\/div>\n\n\n\n<div class=\"wp-block-cover alignfull is-light\" style=\"min-height:300px;aspect-ratio:unset;\"><span aria-hidden=\"true\" class=\"wp-block-cover__background has-nv-site-bg-background-color has-background-dim-100 has-background-dim\"><\/span><div class=\"wp-block-cover__inner-container is-layout-flow wp-block-cover-is-layout-flow\">\n<div class=\"wp-block-group\"><div class=\"wp-block-group__inner-container is-layout-flow wp-block-group-is-layout-flow\">\n<p><\/p>\n\n\n\n<p><\/p>\n\n\n\n<p><\/p>\n\n\n\n<p><\/p>\n\n\n\n<h2 class=\"wp-block-heading has-text-align-left has-neve-text-color-color has-text-color\">Uvildig r\u00e5dgivning &#8211; hvis I allerede er i skyen&#8230;<\/h2>\n\n\n\n<h4 class=\"wp-block-heading has-text-align-left has-neve-text-color-color has-text-color\">Vi yder uvildig r\u00e5dgivning og specialiseret implementeringsassistance s\u00e5 I f\u00e5r mest muligt ud af investeringen i Microsoft Dynamics 365 Business Central ERP.<\/h4>\n\n\n\n<p>Vi oplever, at der efter go live, typisk er et \u00f8nske om at udnytte Business Central endnu bedre -og igangs\u00e6tte en unders\u00f8gelse og prioritering af de muligheder som Business Central tilbyder. Dette for at forfine procesunderst\u00f8ttelsen, for at opn\u00e5 interne tidsbesparelse og reducere risikoen for tastefejl &#8211; og opn\u00e5 konkurrencefordele mod kunder og leverand\u00f8rer.<\/p>\n\n\n\n<p>Vi har r\u00e5dgivet og hjulpet h\u00f8jt profilerede virksomheder med best practise procesafklaring &#8211; og l\u00f8sningsn\u00e6re anbefalinger. Vi hj\u00e6lper med m\u00e5lrettet og specialiseret implementeringshj\u00e6lp, ops\u00e6tning PoC&#8217;er og med workshops og uddannelse.<\/p>\n\n\n\n<p>Eksempler p\u00e5 r\u00e5dgivning:<\/p>\n\n\n\n<p>&#8211; Afklaring af \u00f8nskede forretningsprocesser og de afledte logikker<\/p>\n\n\n\n<p>&#8211; Afklaring af standard mulighederne (ud fra en &#8216;standard first&#8217; tilgang)<\/p>\n\n\n\n<p>&#8211; Afklaring af Business Intelligence muligheder mhp. at blive mere datadrevet og introduktion af nye datakilder, f.eks. CO2 \/ klimarapportering<\/p>\n\n\n\n<p>&#8211; Afklaring omkring funktionsadskillelse og compliance ift. revisor &#8211; ops\u00e6tning af roller og rettigheder<\/p>\n\n\n\n<p>&#8211; R\u00e5dgivning omkring lettelse af arbejdgange i kundeservice og ordre-modtagelse<\/p>\n\n\n\n<p>Start berigelsen af jeres Microsoft Dynamics 365 Business Central i dag \u2013<em> skriv venligst p\u00e5 info@braeve.dk <\/em><\/p>\n<\/div><\/div>\n<\/div><\/div>\n\n\n\n<div class=\"wp-block-cover alignfull is-light\" style=\"min-height:300px;aspect-ratio:unset;\"><span aria-hidden=\"true\" class=\"wp-block-cover__background has-nv-site-bg-background-color has-background-dim-100 has-background-dim\"><\/span><div class=\"wp-block-cover__inner-container is-layout-flow wp-block-cover-is-layout-flow\">\n<div class=\"wp-block-group\"><div class=\"wp-block-group__inner-container is-layout-flow wp-block-group-is-layout-flow\">\n<p><\/p>\n\n\n\n<p><\/p>\n\n\n\n<p><\/p>\n\n\n\n<p><\/p>\n\n\n\n<h2 class=\"wp-block-heading has-text-align-left has-neve-text-color-color has-text-color\">Opn\u00e5 40% rabat p\u00e5 Business Central online, hvis dit udgangspunkt er en on-prem\/hosted Dynamics ERP-l\u00f8sning<\/h2>\n\n\n\n<h4 class=\"wp-block-heading has-text-align-left has-neve-text-color-color has-text-color\"><strong>Opgrader til Microsoft Dynamamics 365 Business Central med 40 % rabat og skab v\u00e6kst<\/strong><\/h4>\n\n\n\n<p>F\u00e5 adgang til <em>Bridge to Cloud 2<\/em> kampagnen, der giver:<\/p>\n\n\n\n<p>\u2714 <strong>40 % rabat<\/strong> p\u00e5 Business Central SaaS-licenser i Microsofts sky i 3 \u00e5r*.<br>* Kampagne-aktiveringsperiode &#8211; frem til: 31. december 2025. Fra aktiveringsdatoen opn\u00e5r I 40 % i rabat i 3 \u00e5r frem i tiden. Periode uopsigeligehed og kan ikke forl\u00e6nges.<br>* Du kommer fra en on-prem <strong>C5<\/strong>, on-prem <strong>NAV <\/strong>eller <strong>on-prem Business Central<\/strong> l\u00f8sning. Du har ikke tidligere har k\u00f8bt CSP licenser (= BC online licenser). Din Dynamics on-prem l\u00f8sning er k\u00f8bt f\u00f8r den 1. september 2022.<\/p>\n\n\n\n<p>\u2714  <strong>Tid til at planl\u00e6gge <\/strong>\u2013 I har op til 3 \u00e5r til at skifte fra jeres on-prem eller hosted l\u00f8sning. I perioden kan I k\u00f8re jeres on prem milj\u00f8 parallelt med jeres cloud milj\u00f8 &#8211; uden ekstra licensinvesteringer.<\/p>\n\n\n\n<p>\u2714  <strong>Fremtidssikret ERP og ikke mere b\u00f8vl<\/strong>. Vil v\u00e6re jeres sidste migrering: I kommer p\u00e5 Microsofts l\u00f8bende opgraderingsplan -og jeres ERP vil altid v\u00e6re opdateret og f\u00f8lge de seneste teknologiske standarder. Nemt at berige ERP l\u00f8sningen med godkendte og udbredte tredje part apps fra <a href=\"https:\/\/appsource.microsoft.com\/en-us\/marketplace\/apps?product=dynamics-365-business-central\">Microsoft AppSource<\/a>.<\/p>\n\n\n\n<p>Ved at handle nu, kan I spare v\u00e6sentligt og f\u00e5 en moderne, skalerbar platform, der styrker jeres forretning og effektiviserer arbejdsgange.<\/p>\n\n\n\n<p><strong>Book en sparringssession med en af vores erfarne Business Central Solution Architects i dag.<\/strong><\/p>\n\n\n\n<p>Vi hj\u00e6lper jer med at:<\/p>\n\n\n\n<p>\u2714  L\u00e6gge en klar <strong>plan <\/strong>for jeres migreringsrejse: Med logiske faser, hj\u00e6lp til selvhj\u00e6lp for forankring og en passende snitflade mellem hvad I udf\u00f8rer med egne procesejere og ressourcer &#8211; og med vores ekspertkonsulenter &#8211; alt sammen med afs\u00e6t en en grundig f\u00e6lles forst\u00e5else for jeres konkrete \u00f8nsker i forretningen, jeres udgangspunkt og -modenhed.<\/p>\n\n\n\n<p>\u2714  <strong>Udforske <\/strong>standard mulighederne i Business Central SaaS. For at sikre den h\u00f8jest mulige standardiseringsgrad, forenkling. lave l\u00f8bende ejerskabsomkostninger og s\u00e5 lidt leverand\u00f8r-afh\u00e6ngighed som muligt &#8211; viser vi jer i det omfang I \u00f8nsker det &#8211; p\u00e5 konkrete procesomr\u00e5der: Hvordan Microsoft Dynamics 365 Business Central er t\u00e6nkt og designet i sin standardudformning. Dette giver samtidig grobund for at foretage legacy-kode oprydningsarbejde.<\/p>\n\n\n\n<p>\u2714  Sikre <strong>maksimal v\u00e6rdi <\/strong>for jeres investering. Vi r\u00e5dgiver jer ift. lettelsen af netop jeres arbejdsgange henover \u00e5rshjulet, s\u00e5 l\u00f8sningen konfigureres og anvendes i det daglige p\u00e5 den smarteste, mest brugervenlige og -intuitive m\u00e5de for <em>netop <\/em>jeres virksomhed. Samtidig r\u00e5giver vi jer omkring licensoptimering s\u00e5fremt visse brugere blot skal foretage simple handlinger, f.eks. godkendelser, eller se dynamiske dashboards eller rapporter i ERP l\u00f8sningen &#8211; s\u00e5 ikke alle der har ber\u00f8ring med ERP l\u00f8sningen beh\u00f8ver den fulde licens.<\/p>\n\n\n\n<p>Start moderniseringen af jeres ERP-system  \u2013<em> skriv venligst til os p\u00e5 info@braeve.dk <\/em><\/p>\n<\/div><\/div>\n<\/div><\/div>\n\n\n\n<p><\/p>\n\n\n\n<div class=\"wp-block-cover alignfull is-light\" style=\"min-height:167px;aspect-ratio:unset;\"><span aria-hidden=\"true\" class=\"wp-block-cover__background has-nv-dark-bg-background-color has-background-dim-100 has-background-dim\"><\/span><div class=\"wp-block-cover__inner-container is-layout-flow wp-block-cover-is-layout-flow\">\n<p class=\"has-text-align-center has-nv-text-dark-bg-color has-text-color\"><br>Vil du vide mere? Kontakt os p\u00e5:<\/p>\n\n\n\n<p class=\"has-text-align-center\"><img loading=\"lazy\" decoding=\"async\" width=\"123\" height=\"21\" class=\"wp-image-755\" style=\"width: 123px;\" src=\"https:\/\/braeve.dk\/wp-content\/uploads\/2025\/04\/info-at-braeve-blue.png\" alt=\"\"><\/p>\n<\/div><\/div>\n","protected":false},"excerpt":{"rendered":"","protected":false},"author":1,"featured_media":0,"parent":0,"menu_order":0,"comment_status":"closed","ping_status":"closed","template":"","meta":{"neve_meta_sidebar":"","neve_meta_container":"","neve_meta_enable_content_width":"on","neve_meta_content_width":100,"neve_meta_title_alignment":"","neve_meta_author_avatar":"","neve_post_elements_order":"","neve_meta_disable_header":"","neve_meta_disable_footer":"","neve_meta_disable_title":"on","footnotes":""},"class_list":["post-10","page","type-page","status-publish","hentry"],"yoast_head":"<!-- This site is optimized with the Yoast SEO plugin v22.8 - https:\/\/yoast.com\/wordpress\/plugins\/seo\/ -->\n<title>Ydelser -<\/title>\n<meta name=\"robots\" content=\"index, follow, max-snippet:-1, max-image-preview:large, max-video-preview:-1\" \/>\n<link rel=\"canonical\" href=\"https:\/\/braeve.dk\/?page_id=10\" \/>\n<meta property=\"og:locale\" content=\"da_DK\" \/>\n<meta property=\"og:type\" content=\"article\" \/>\n<meta property=\"og:title\" content=\"Ydelser -\" \/>\n<meta property=\"og:url\" content=\"https:\/\/braeve.dk\/?page_id=10\" \/>\n<meta property=\"article:modified_time\" content=\"2025-04-23T12:30:11+00:00\" \/>\n<meta property=\"og:image\" content=\"https:\/\/braeve.dk\/wp-content\/uploads\/2024\/12\/Implementeringspakker-BRAEVE-IT-2.png\" \/>\n<meta name=\"twitter:card\" content=\"summary_large_image\" \/>\n<meta name=\"twitter:label1\" content=\"Estimeret l\u00e6setid\" \/>\n\t<meta name=\"twitter:data1\" content=\"5 minutter\" \/>\n<script type=\"application\/ld+json\" class=\"yoast-schema-graph\">{\"@context\":\"https:\/\/schema.org\",\"@graph\":[{\"@type\":\"WebPage\",\"@id\":\"https:\/\/braeve.dk\/?page_id=10\",\"url\":\"https:\/\/braeve.dk\/?page_id=10\",\"name\":\"Ydelser -\",\"isPartOf\":{\"@id\":\"https:\/\/braeve.dk\/#website\"},\"primaryImageOfPage\":{\"@id\":\"https:\/\/braeve.dk\/?page_id=10#primaryimage\"},\"image\":{\"@id\":\"https:\/\/braeve.dk\/?page_id=10#primaryimage\"},\"thumbnailUrl\":\"https:\/\/braeve.dk\/wp-content\/uploads\/2024\/12\/Implementeringspakker-BRAEVE-IT-2.png\",\"datePublished\":\"2024-06-03T12:50:56+00:00\",\"dateModified\":\"2025-04-23T12:30:11+00:00\",\"breadcrumb\":{\"@id\":\"https:\/\/braeve.dk\/?page_id=10#breadcrumb\"},\"inLanguage\":\"da-DK\",\"potentialAction\":[{\"@type\":\"ReadAction\",\"target\":[\"https:\/\/braeve.dk\/?page_id=10\"]}]},{\"@type\":\"ImageObject\",\"inLanguage\":\"da-DK\",\"@id\":\"https:\/\/braeve.dk\/?page_id=10#primaryimage\",\"url\":\"https:\/\/braeve.dk\/wp-content\/uploads\/2024\/12\/Implementeringspakker-BRAEVE-IT-2.png\",\"contentUrl\":\"https:\/\/braeve.dk\/wp-content\/uploads\/2024\/12\/Implementeringspakker-BRAEVE-IT-2.png\",\"width\":1917,\"height\":1436},{\"@type\":\"BreadcrumbList\",\"@id\":\"https:\/\/braeve.dk\/?page_id=10#breadcrumb\",\"itemListElement\":[{\"@type\":\"ListItem\",\"position\":1,\"name\":\"Hjem\",\"item\":\"https:\/\/braeve.dk\/\"},{\"@type\":\"ListItem\",\"position\":2,\"name\":\"Ydelser\"}]},{\"@type\":\"WebSite\",\"@id\":\"https:\/\/braeve.dk\/#website\",\"url\":\"https:\/\/braeve.dk\/\",\"name\":\"\",\"description\":\"\",\"potentialAction\":[{\"@type\":\"SearchAction\",\"target\":{\"@type\":\"EntryPoint\",\"urlTemplate\":\"https:\/\/braeve.dk\/?s={search_term_string}\"},\"query-input\":\"required name=search_term_string\"}],\"inLanguage\":\"da-DK\"}]}<\/script>\n<!-- \/ Yoast SEO plugin. -->","yoast_head_json":{"title":"Ydelser -","robots":{"index":"index","follow":"follow","max-snippet":"max-snippet:-1","max-image-preview":"max-image-preview:large","max-video-preview":"max-video-preview:-1"},"canonical":"https:\/\/braeve.dk\/?page_id=10","og_locale":"da_DK","og_type":"article","og_title":"Ydelser -","og_url":"https:\/\/braeve.dk\/?page_id=10","article_modified_time":"2025-04-23T12:30:11+00:00","og_image":[{"url":"https:\/\/braeve.dk\/wp-content\/uploads\/2024\/12\/Implementeringspakker-BRAEVE-IT-2.png"}],"twitter_card":"summary_large_image","twitter_misc":{"Estimeret l\u00e6setid":"5 minutter"},"schema":{"@context":"https:\/\/schema.org","@graph":[{"@type":"WebPage","@id":"https:\/\/braeve.dk\/?page_id=10","url":"https:\/\/braeve.dk\/?page_id=10","name":"Ydelser -","isPartOf":{"@id":"https:\/\/braeve.dk\/#website"},"primaryImageOfPage":{"@id":"https:\/\/braeve.dk\/?page_id=10#primaryimage"},"image":{"@id":"https:\/\/braeve.dk\/?page_id=10#primaryimage"},"thumbnailUrl":"https:\/\/braeve.dk\/wp-content\/uploads\/2024\/12\/Implementeringspakker-BRAEVE-IT-2.png","datePublished":"2024-06-03T12:50:56+00:00","dateModified":"2025-04-23T12:30:11+00:00","breadcrumb":{"@id":"https:\/\/braeve.dk\/?page_id=10#breadcrumb"},"inLanguage":"da-DK","potentialAction":[{"@type":"ReadAction","target":["https:\/\/braeve.dk\/?page_id=10"]}]},{"@type":"ImageObject","inLanguage":"da-DK","@id":"https:\/\/braeve.dk\/?page_id=10#primaryimage","url":"https:\/\/braeve.dk\/wp-content\/uploads\/2024\/12\/Implementeringspakker-BRAEVE-IT-2.png","contentUrl":"https:\/\/braeve.dk\/wp-content\/uploads\/2024\/12\/Implementeringspakker-BRAEVE-IT-2.png","width":1917,"height":1436},{"@type":"BreadcrumbList","@id":"https:\/\/braeve.dk\/?page_id=10#breadcrumb","itemListElement":[{"@type":"ListItem","position":1,"name":"Hjem","item":"https:\/\/braeve.dk\/"},{"@type":"ListItem","position":2,"name":"Ydelser"}]},{"@type":"WebSite","@id":"https:\/\/braeve.dk\/#website","url":"https:\/\/braeve.dk\/","name":"","description":"","potentialAction":[{"@type":"SearchAction","target":{"@type":"EntryPoint","urlTemplate":"https:\/\/braeve.dk\/?s={search_term_string}"},"query-input":"required name=search_term_string"}],"inLanguage":"da-DK"}]}},"_links":{"self":[{"href":"https:\/\/braeve.dk\/index.php?rest_route=\/wp\/v2\/pages\/10","targetHints":{"allow":["GET"]}}],"collection":[{"href":"https:\/\/braeve.dk\/index.php?rest_route=\/wp\/v2\/pages"}],"about":[{"href":"https:\/\/braeve.dk\/index.php?rest_route=\/wp\/v2\/types\/page"}],"author":[{"embeddable":true,"href":"https:\/\/braeve.dk\/index.php?rest_route=\/wp\/v2\/users\/1"}],"replies":[{"embeddable":true,"href":"https:\/\/braeve.dk\/index.php?rest_route=%2Fwp%2Fv2%2Fcomments&post=10"}],"version-history":[{"count":51,"href":"https:\/\/braeve.dk\/index.php?rest_route=\/wp\/v2\/pages\/10\/revisions"}],"predecessor-version":[{"id":765,"href":"https:\/\/braeve.dk\/index.php?rest_route=\/wp\/v2\/pages\/10\/revisions\/765"}],"wp:attachment":[{"href":"https:\/\/braeve.dk\/index.php?rest_route=%2Fwp%2Fv2%2Fmedia&parent=10"}],"curies":[{"name":"wp","href":"https:\/\/api.w.org\/{rel}","templated":true}]}}