{"id":7,"date":"2024-06-03T12:50:55","date_gmt":"2024-06-03T12:50:55","guid":{"rendered":"https:\/\/braeve.dk\/?page_id=7"},"modified":"2025-05-22T10:45:47","modified_gmt":"2025-05-22T10:45:47","slug":"hjem","status":"publish","type":"page","link":"https:\/\/braeve.dk\/","title":{"rendered":"BRAEVE IT"},"content":{"rendered":"\n<div class=\"wp-block-cover alignfull\" style=\"min-height:700px;aspect-ratio:unset;\"><img loading=\"lazy\" decoding=\"async\" width=\"1366\" height=\"768\" class=\"wp-block-cover__image-background wp-image-291\" alt=\"\" src=\"https:\/\/braeve.dk\/wp-content\/uploads\/2024\/08\/Baggrund_forside.png\" data-object-fit=\"cover\" srcset=\"https:\/\/braeve.dk\/wp-content\/uploads\/2024\/08\/Baggrund_forside.png 1366w, https:\/\/braeve.dk\/wp-content\/uploads\/2024\/08\/Baggrund_forside-300x169.png 300w, https:\/\/braeve.dk\/wp-content\/uploads\/2024\/08\/Baggrund_forside-1024x576.png 1024w, https:\/\/braeve.dk\/wp-content\/uploads\/2024\/08\/Baggrund_forside-768x432.png 768w\" sizes=\"auto, (max-width: 1366px) 100vw, 1366px\" \/><span aria-hidden=\"true\" class=\"wp-block-cover__background has-background-dim-0 has-background-dim\" style=\"background-color:#233b5e\"><\/span><div class=\"wp-block-cover__inner-container is-layout-flow wp-block-cover-is-layout-flow\">\n<div style=\"height:80px\" aria-hidden=\"true\" class=\"wp-block-spacer\"><\/div>\n\n\n<div class=\"wp-block-image\">\n<figure class=\"aligncenter size-large\"><img loading=\"lazy\" decoding=\"async\" width=\"1024\" height=\"149\" src=\"https:\/\/braeve.dk\/wp-content\/uploads\/2024\/08\/Braeve_IT_NEG-1-1024x149.png\" alt=\"\" class=\"wp-image-277\" srcset=\"https:\/\/braeve.dk\/wp-content\/uploads\/2024\/08\/Braeve_IT_NEG-1-1024x149.png 1024w, https:\/\/braeve.dk\/wp-content\/uploads\/2024\/08\/Braeve_IT_NEG-1-300x44.png 300w, https:\/\/braeve.dk\/wp-content\/uploads\/2024\/08\/Braeve_IT_NEG-1-768x112.png 768w, https:\/\/braeve.dk\/wp-content\/uploads\/2024\/08\/Braeve_IT_NEG-1-1536x224.png 1536w, https:\/\/braeve.dk\/wp-content\/uploads\/2024\/08\/Braeve_IT_NEG-1-2048x298.png 2048w\" sizes=\"auto, (max-width: 1024px) 100vw, 1024px\" \/><\/figure>\n<\/div>\n\n\n<h1 class=\"wp-block-heading has-text-align-center has-text-color\" style=\"color:#121212\"><\/h1>\n\n\n\n<div class=\"wp-block-columns is-layout-flex wp-container-core-columns-is-layout-9d6595d7 wp-block-columns-is-layout-flex\">\n<div class=\"wp-block-column is-layout-flow wp-block-column-is-layout-flow\" style=\"flex-basis:100%\">\n<p><\/p>\n\n\n\n<h3 style=\"text-align: center;\"><span style=\"color: #ffffff;\">Uvildig r\u00e5dgivning &#8211; Microsoft Dynamics 365 Business Central<br \/><\/span><\/h3>\n\n\n\n<h3 style=\"text-align: center;\"><span style=\"color: #dca26b;\">We listen &#8211; We facilitate &#8211; We implement<\/span><\/h3>\n<\/div>\n<\/div>\n\n\n\n<div style=\"height:80px\" aria-hidden=\"true\" class=\"wp-block-spacer\"><\/div>\n\n\n\n<div style=\"height:80px\" aria-hidden=\"true\" class=\"wp-block-spacer\"><\/div>\n\n\n\n<p><\/p>\n<\/div><\/div>\n\n\n\n<h2 class=\"wp-block-heading\"><\/h2>\n\n\n<div class=\"wp-block-image\">\n<figure class=\"aligncenter size-large is-resized\"><img loading=\"lazy\" decoding=\"async\" width=\"790\" height=\"1024\" src=\"https:\/\/braeve.dk\/wp-content\/uploads\/2025\/03\/MS-logo-Continia-trans-adv-790x1024.png\" alt=\"\" class=\"wp-image-719\" style=\"width:792px;height:auto\" srcset=\"https:\/\/braeve.dk\/wp-content\/uploads\/2025\/03\/MS-logo-Continia-trans-adv-790x1024.png 790w, https:\/\/braeve.dk\/wp-content\/uploads\/2025\/03\/MS-logo-Continia-trans-adv-231x300.png 231w, https:\/\/braeve.dk\/wp-content\/uploads\/2025\/03\/MS-logo-Continia-trans-adv-768x996.png 768w, https:\/\/braeve.dk\/wp-content\/uploads\/2025\/03\/MS-logo-Continia-trans-adv.png 837w\" sizes=\"auto, (max-width: 790px) 100vw, 790px\" \/><\/figure>\n<\/div>\n\n\n<p><\/p>\n\n\n\n<div class=\"wp-block-cover alignfull is-light\" style=\"min-height:600px;aspect-ratio:unset;\"><span aria-hidden=\"true\" class=\"wp-block-cover__background has-nv-light-bg-background-color has-background-dim-100 has-background-dim\"><\/span><div class=\"wp-block-cover__inner-container is-layout-flow wp-block-cover-is-layout-flow\">\n<div class=\"wp-block-group\"><div class=\"wp-block-group__inner-container is-layout-flow wp-block-group-is-layout-flow\">\n<div style=\"height:80px\" aria-hidden=\"true\" class=\"wp-block-spacer\"><\/div>\n\n\n\n<div class=\"wp-block-columns are-vertically-aligned-center is-layout-flex wp-container-core-columns-is-layout-9d6595d7 wp-block-columns-is-layout-flex\">\n<div class=\"wp-block-column is-vertically-aligned-center is-layout-flow wp-block-column-is-layout-flow\" style=\"flex-basis:50%\">\n<figure class=\"wp-block-image size-full is-style-default\"><img loading=\"lazy\" decoding=\"async\" width=\"606\" height=\"389\" src=\"https:\/\/braeve.dk\/wp-content\/uploads\/2024\/06\/bc-st.png\" alt=\"\" class=\"wp-image-39\" srcset=\"https:\/\/braeve.dk\/wp-content\/uploads\/2024\/06\/bc-st.png 606w, https:\/\/braeve.dk\/wp-content\/uploads\/2024\/06\/bc-st-300x193.png 300w\" sizes=\"auto, (max-width: 606px) 100vw, 606px\" \/><\/figure>\n<\/div>\n\n\n\n<div class=\"wp-block-column is-vertically-aligned-center is-layout-flow wp-block-column-is-layout-flow\" style=\"flex-basis:50%\">\n<div style=\"height:20px\" aria-hidden=\"true\" class=\"wp-block-spacer\"><\/div>\n\n\n\n<h2 class=\"wp-block-heading has-nv-text-dark-bg-color has-text-color\">F\u00e5 maksimal v\u00e6rdi ud af Microsoft Dynamics 365 Business Central<\/h2>\n\n\n\n<p class=\"has-text-align-left has-nv-text-dark-bg-color has-text-color\" style=\"font-size:17px\">Hos BRAEVE IT m\u00f8der du uvildig r\u00e5dgivning og specialiseret implementeringsassistance fra branchens mest erfarne L\u00f8sningsarkitekter, Implementeringsspecialister og Kodeoptimerings- og integrationsspecialister. Vi lytter til dine behov, forst\u00e5r din forretning og hj\u00e6lper dig med at udnytte standardfunktionerne fuldt ud \u2013 og tilpasser kun der, hvor det skaber reel forretningsv\u00e6rdi, forenkler arbejdsgange og sparer tid.<\/p>\n\n\n\n<p class=\"has-text-align-left has-nv-text-dark-bg-color has-text-color\" style=\"font-size:17px\"><\/p>\n\n\n\n<div class=\"wp-block-buttons is-content-justification-left is-layout-flex wp-container-core-buttons-is-layout-fdcfc74e wp-block-buttons-is-layout-flex\"><\/div>\n<\/div>\n<\/div>\n<\/div><\/div>\n<\/div><\/div>\n\n\n\n<h2 class=\"wp-block-heading has-text-align-center\"><br>Lad os arbejde sammen p\u00e5 dit n\u00e6ste Dynamics 365 Business Central projekt<\/h2>\n\n\n<div class=\"wp-block-image\">\n<figure class=\"aligncenter size-large\"><img loading=\"lazy\" decoding=\"async\" width=\"706\" height=\"1024\" src=\"https:\/\/braeve.dk\/wp-content\/uploads\/2025\/04\/Lyskaer1-706x1024.png\" alt=\"\" class=\"wp-image-731\" srcset=\"https:\/\/braeve.dk\/wp-content\/uploads\/2025\/04\/Lyskaer1-706x1024.png 706w, https:\/\/braeve.dk\/wp-content\/uploads\/2025\/04\/Lyskaer1-207x300.png 207w, https:\/\/braeve.dk\/wp-content\/uploads\/2025\/04\/Lyskaer1.png 761w\" sizes=\"auto, (max-width: 706px) 100vw, 706px\" \/><\/figure>\n<\/div>\n\n\n<p><\/p>\n\n\n\n<p class=\"has-text-align-center\">Usikker p\u00e5 om faglighed og procesforst\u00e5else er god nok? <br>&#8211; Pr\u00f8v vores ticketsystem gratis.<br>M\u00f8d en BC-ekspert.<br>Indsend dit Business Central supportsp\u00f8rgsm\u00e5l p\u00e5:<\/p>\n\n\n<div class=\"wp-block-image\">\n<figure class=\"aligncenter size-full\"><img loading=\"lazy\" decoding=\"async\" width=\"155\" height=\"21\" src=\"https:\/\/braeve.dk\/wp-content\/uploads\/2025\/04\/support-at-braeve-grey.png\" alt=\"\" class=\"wp-image-745\" srcset=\"https:\/\/braeve.dk\/wp-content\/uploads\/2025\/04\/support-at-braeve-grey.png 155w, https:\/\/braeve.dk\/wp-content\/uploads\/2025\/04\/support-at-braeve-grey-150x21.png 150w\" sizes=\"auto, (max-width: 155px) 100vw, 155px\" \/><\/figure>\n<\/div>\n\n\n<p><\/p>\n\n\n\n<p class=\"has-text-align-center\"><em>og f\u00e5 adgang til vores system + 15 min sparring med en Senior Solution Architect, Business Central <br>Vi besvarer alle supporthenvendelser indenfor 24 timer. Helt uforpligtende.<\/em><\/p>\n\n\n\n<p class=\"has-text-align-center\">Generelle henvendelser: <\/p>\n\n\n\n<p class=\"has-text-align-center\"> <img loading=\"lazy\" decoding=\"async\" width=\"125\" height=\"22\" class=\"wp-image-750\" style=\"width: 125px;\" src=\"https:\/\/braeve.dk\/wp-content\/uploads\/2025\/04\/info-at-braeve-grey.png\" alt=\"\"><\/p>\n\n\n\n<p class=\"has-text-align-center\">BRAEVE ApS | Lysk\u00e6r 1, 3. tv | 2730 Herlev | CVR: 44938669<br>Hotline: +45 8190 8382<\/p>\n\n\n\n<p><\/p>\n","protected":false},"excerpt":{"rendered":"<p>Lad os arbejde sammen p\u00e5 dit n\u00e6ste Dynamics 365 Business Central projekt Usikker p\u00e5 om faglighed og procesforst\u00e5else er god nok? &#8211; Pr\u00f8v vores ticketsystem gratis.M\u00f8d en BC-ekspert.Indsend dit Business Central supportsp\u00f8rgsm\u00e5l p\u00e5: og f\u00e5 adgang til vores system + 15 min sparring med en Senior Solution Architect, Business Central Vi besvarer alle supporthenvendelser indenfor&hellip;&nbsp;<a href=\"https:\/\/braeve.dk\/\" class=\"\" rel=\"bookmark\">L\u00e6s mere &raquo;<span class=\"screen-reader-text\">BRAEVE IT<\/span><\/a><\/p>\n","protected":false},"author":1,"featured_media":0,"parent":0,"menu_order":0,"comment_status":"closed","ping_status":"closed","template":"","meta":{"neve_meta_sidebar":"","neve_meta_container":"","neve_meta_enable_content_width":"on","neve_meta_content_width":100,"neve_meta_title_alignment":"","neve_meta_author_avatar":"","neve_post_elements_order":"","neve_meta_disable_header":"","neve_meta_disable_footer":"","neve_meta_disable_title":"on","footnotes":""},"class_list":["post-7","page","type-page","status-publish","hentry"],"yoast_head":"<!-- This site is optimized with the Yoast SEO plugin v22.8 - https:\/\/yoast.com\/wordpress\/plugins\/seo\/ -->\n<title>BRAEVE IT -<\/title>\n<meta name=\"robots\" content=\"index, follow, max-snippet:-1, max-image-preview:large, max-video-preview:-1\" \/>\n<link rel=\"canonical\" href=\"https:\/\/braeve.dk\/\" \/>\n<meta property=\"og:locale\" content=\"da_DK\" \/>\n<meta property=\"og:type\" content=\"article\" \/>\n<meta property=\"og:title\" content=\"BRAEVE IT -\" \/>\n<meta property=\"og:description\" content=\"Lad os arbejde sammen p\u00e5 dit n\u00e6ste Dynamics 365 Business Central projekt Usikker p\u00e5 om faglighed og procesforst\u00e5else er god nok? &#8211; Pr\u00f8v vores ticketsystem gratis.M\u00f8d en BC-ekspert.Indsend dit Business Central supportsp\u00f8rgsm\u00e5l p\u00e5: og f\u00e5 adgang til vores system + 15 min sparring med en Senior Solution Architect, Business Central Vi besvarer alle supporthenvendelser indenfor&hellip;&nbsp;L\u00e6s mere &raquo;BRAEVE IT\" \/>\n<meta property=\"og:url\" content=\"https:\/\/braeve.dk\/\" \/>\n<meta property=\"article:modified_time\" content=\"2025-05-22T10:45:47+00:00\" \/>\n<meta property=\"og:image\" content=\"https:\/\/braeve.dk\/wp-content\/uploads\/2024\/08\/Baggrund_forside.png\" \/>\n<meta name=\"twitter:card\" content=\"summary_large_image\" \/>\n<meta name=\"twitter:label1\" content=\"Estimeret l\u00e6setid\" \/>\n\t<meta name=\"twitter:data1\" content=\"3 minutter\" \/>\n<script type=\"application\/ld+json\" class=\"yoast-schema-graph\">{\"@context\":\"https:\/\/schema.org\",\"@graph\":[{\"@type\":\"WebPage\",\"@id\":\"https:\/\/braeve.dk\/\",\"url\":\"https:\/\/braeve.dk\/\",\"name\":\"BRAEVE IT -\",\"isPartOf\":{\"@id\":\"https:\/\/braeve.dk\/#website\"},\"primaryImageOfPage\":{\"@id\":\"https:\/\/braeve.dk\/#primaryimage\"},\"image\":{\"@id\":\"https:\/\/braeve.dk\/#primaryimage\"},\"thumbnailUrl\":\"https:\/\/braeve.dk\/wp-content\/uploads\/2024\/08\/Baggrund_forside.png\",\"datePublished\":\"2024-06-03T12:50:55+00:00\",\"dateModified\":\"2025-05-22T10:45:47+00:00\",\"breadcrumb\":{\"@id\":\"https:\/\/braeve.dk\/#breadcrumb\"},\"inLanguage\":\"da-DK\",\"potentialAction\":[{\"@type\":\"ReadAction\",\"target\":[\"https:\/\/braeve.dk\/\"]}]},{\"@type\":\"ImageObject\",\"inLanguage\":\"da-DK\",\"@id\":\"https:\/\/braeve.dk\/#primaryimage\",\"url\":\"https:\/\/braeve.dk\/wp-content\/uploads\/2024\/08\/Baggrund_forside.png\",\"contentUrl\":\"https:\/\/braeve.dk\/wp-content\/uploads\/2024\/08\/Baggrund_forside.png\",\"width\":1366,\"height\":768},{\"@type\":\"BreadcrumbList\",\"@id\":\"https:\/\/braeve.dk\/#breadcrumb\",\"itemListElement\":[{\"@type\":\"ListItem\",\"position\":1,\"name\":\"Hjem\",\"item\":\"https:\/\/braeve.dk\/\"},{\"@type\":\"ListItem\",\"position\":2,\"name\":\"BRAEVE IT\"}]},{\"@type\":\"WebSite\",\"@id\":\"https:\/\/braeve.dk\/#website\",\"url\":\"https:\/\/braeve.dk\/\",\"name\":\"\",\"description\":\"\",\"potentialAction\":[{\"@type\":\"SearchAction\",\"target\":{\"@type\":\"EntryPoint\",\"urlTemplate\":\"https:\/\/braeve.dk\/?s={search_term_string}\"},\"query-input\":\"required name=search_term_string\"}],\"inLanguage\":\"da-DK\"}]}<\/script>\n<!-- \/ Yoast SEO plugin. -->","yoast_head_json":{"title":"BRAEVE IT -","robots":{"index":"index","follow":"follow","max-snippet":"max-snippet:-1","max-image-preview":"max-image-preview:large","max-video-preview":"max-video-preview:-1"},"canonical":"https:\/\/braeve.dk\/","og_locale":"da_DK","og_type":"article","og_title":"BRAEVE IT -","og_description":"Lad os arbejde sammen p\u00e5 dit n\u00e6ste Dynamics 365 Business Central projekt Usikker p\u00e5 om faglighed og procesforst\u00e5else er god nok? &#8211; Pr\u00f8v vores ticketsystem gratis.M\u00f8d en BC-ekspert.Indsend dit Business Central supportsp\u00f8rgsm\u00e5l p\u00e5: og f\u00e5 adgang til vores system + 15 min sparring med en Senior Solution Architect, Business Central Vi besvarer alle supporthenvendelser indenfor&hellip;&nbsp;L\u00e6s mere &raquo;BRAEVE IT","og_url":"https:\/\/braeve.dk\/","article_modified_time":"2025-05-22T10:45:47+00:00","og_image":[{"url":"https:\/\/braeve.dk\/wp-content\/uploads\/2024\/08\/Baggrund_forside.png"}],"twitter_card":"summary_large_image","twitter_misc":{"Estimeret l\u00e6setid":"3 minutter"},"schema":{"@context":"https:\/\/schema.org","@graph":[{"@type":"WebPage","@id":"https:\/\/braeve.dk\/","url":"https:\/\/braeve.dk\/","name":"BRAEVE IT -","isPartOf":{"@id":"https:\/\/braeve.dk\/#website"},"primaryImageOfPage":{"@id":"https:\/\/braeve.dk\/#primaryimage"},"image":{"@id":"https:\/\/braeve.dk\/#primaryimage"},"thumbnailUrl":"https:\/\/braeve.dk\/wp-content\/uploads\/2024\/08\/Baggrund_forside.png","datePublished":"2024-06-03T12:50:55+00:00","dateModified":"2025-05-22T10:45:47+00:00","breadcrumb":{"@id":"https:\/\/braeve.dk\/#breadcrumb"},"inLanguage":"da-DK","potentialAction":[{"@type":"ReadAction","target":["https:\/\/braeve.dk\/"]}]},{"@type":"ImageObject","inLanguage":"da-DK","@id":"https:\/\/braeve.dk\/#primaryimage","url":"https:\/\/braeve.dk\/wp-content\/uploads\/2024\/08\/Baggrund_forside.png","contentUrl":"https:\/\/braeve.dk\/wp-content\/uploads\/2024\/08\/Baggrund_forside.png","width":1366,"height":768},{"@type":"BreadcrumbList","@id":"https:\/\/braeve.dk\/#breadcrumb","itemListElement":[{"@type":"ListItem","position":1,"name":"Hjem","item":"https:\/\/braeve.dk\/"},{"@type":"ListItem","position":2,"name":"BRAEVE IT"}]},{"@type":"WebSite","@id":"https:\/\/braeve.dk\/#website","url":"https:\/\/braeve.dk\/","name":"","description":"","potentialAction":[{"@type":"SearchAction","target":{"@type":"EntryPoint","urlTemplate":"https:\/\/braeve.dk\/?s={search_term_string}"},"query-input":"required name=search_term_string"}],"inLanguage":"da-DK"}]}},"_links":{"self":[{"href":"https:\/\/braeve.dk\/index.php?rest_route=\/wp\/v2\/pages\/7","targetHints":{"allow":["GET"]}}],"collection":[{"href":"https:\/\/braeve.dk\/index.php?rest_route=\/wp\/v2\/pages"}],"about":[{"href":"https:\/\/braeve.dk\/index.php?rest_route=\/wp\/v2\/types\/page"}],"author":[{"embeddable":true,"href":"https:\/\/braeve.dk\/index.php?rest_route=\/wp\/v2\/users\/1"}],"replies":[{"embeddable":true,"href":"https:\/\/braeve.dk\/index.php?rest_route=%2Fwp%2Fv2%2Fcomments&post=7"}],"version-history":[{"count":141,"href":"https:\/\/braeve.dk\/index.php?rest_route=\/wp\/v2\/pages\/7\/revisions"}],"predecessor-version":[{"id":783,"href":"https:\/\/braeve.dk\/index.php?rest_route=\/wp\/v2\/pages\/7\/revisions\/783"}],"wp:attachment":[{"href":"https:\/\/braeve.dk\/index.php?rest_route=%2Fwp%2Fv2%2Fmedia&parent=7"}],"curies":[{"name":"wp","href":"https:\/\/api.w.org\/{rel}","templated":true}]}}