{"id":8,"date":"2024-06-03T12:50:56","date_gmt":"2024-06-03T12:50:56","guid":{"rendered":"https:\/\/braeve.dk\/?page_id=8"},"modified":"2025-09-09T08:45:00","modified_gmt":"2025-09-09T08:45:00","slug":"om","status":"publish","type":"page","link":"https:\/\/braeve.dk\/?page_id=8","title":{"rendered":"Om os"},"content":{"rendered":"\n<div class=\"wp-block-cover alignfull is-light\" style=\"min-height:300px;aspect-ratio:unset;\"><span aria-hidden=\"true\" class=\"wp-block-cover__background has-nv-site-bg-background-color has-background-dim-100 has-background-dim\"><\/span><div class=\"wp-block-cover__inner-container is-layout-flow wp-block-cover-is-layout-flow\">\n<div class=\"wp-block-group\"><div class=\"wp-block-group__inner-container is-layout-flow wp-block-group-is-layout-flow\">\n<h1 class=\"wp-block-heading has-text-align-left has-neve-text-color-color has-text-color\">Om os<\/h1>\n\n\n\n<div class=\"wp-block-columns is-layout-flex wp-container-core-columns-is-layout-9d6595d7 wp-block-columns-is-layout-flex\">\n<div class=\"wp-block-column is-layout-flow wp-block-column-is-layout-flow\" style=\"flex-basis:33.33%\"><div class=\"wp-block-image\">\n<figure class=\"aligncenter size-full is-resized\"><img loading=\"lazy\" decoding=\"async\" width=\"450\" height=\"450\" src=\"https:\/\/braeve.dk\/wp-content\/uploads\/2024\/09\/ras-transp-5.png\" alt=\"\" class=\"wp-image-548\" style=\"width:384px;height:auto\" srcset=\"https:\/\/braeve.dk\/wp-content\/uploads\/2024\/09\/ras-transp-5.png 450w, https:\/\/braeve.dk\/wp-content\/uploads\/2024\/09\/ras-transp-5-300x300.png 300w, https:\/\/braeve.dk\/wp-content\/uploads\/2024\/09\/ras-transp-5-150x150.png 150w\" sizes=\"auto, (max-width: 450px) 100vw, 450px\" \/><\/figure>\n<\/div>\n\n\n<p><\/p>\n\n\n\n<h3 class=\"wp-block-heading has-text-align-center has-neve-text-color-color has-text-color\">Rasmus Adolph<\/h3>\n\n\n\n<p class=\"has-text-align-center has-neve-text-color-color has-text-color\">Founder &amp; Managing Director<\/p>\n<\/div>\n\n\n\n<div class=\"wp-block-column is-layout-flow wp-block-column-is-layout-flow\" style=\"flex-basis:66.66%\">\n<p>Vores ekspertkonsulenter arbejder t\u00e6t sammen med kunden for at forst\u00e5 forretningsprocesser og tilpasse l\u00f8sningen uden at overkomplicere ops\u00e6tningen.<\/p>\n<p>Vi l\u00e6gger v\u00e6gt p\u00e5 best practice, minimal tilpasning og udnyttelse af standardfunktionalitet for at sikre en hurtig og omkostningseffektiv implementering.<\/p>\n<p>Vi fungerer som jeres r\u00e5dgiver, der guider jer gennem ops\u00e6tningsprocessen, sikrer brugervenlighed og fremtidssikrer jeres ERP gennem kontinuerlig afklaring, sparring, uddannelse og implementeringshj\u00e6lp. Vi r\u00e5dgiver slutkunders procesejere ift. vigtige projektbeslutninger og opl\u00e6g.\u00a0<\/p>\n<p>BRAEVE IT har udover sine fast tilknyttede ekspertkonsulent-ressourcer, et stort netv\u00e6rk af eksterne specialister som kan indkluderes i opgaver og projekter i tilf\u00e6lde af flaskehalse og efter behov.<\/p>\n<\/div>\n<\/div>\n<\/div><\/div>\n<\/div><\/div>\n\n\n\n<div class=\"wp-block-columns is-layout-flex wp-container-core-columns-is-layout-9d6595d7 wp-block-columns-is-layout-flex\">\n<div class=\"wp-block-column is-layout-flow wp-block-column-is-layout-flow\"><div class=\"wp-block-image\">\n<figure class=\"aligncenter size-full\"><img loading=\"lazy\" decoding=\"async\" width=\"389\" height=\"389\" src=\"https:\/\/braeve.dk\/wp-content\/uploads\/2024\/09\/Uffe-senior-advisor-transp-s.png\" alt=\"\" class=\"wp-image-552\" srcset=\"https:\/\/braeve.dk\/wp-content\/uploads\/2024\/09\/Uffe-senior-advisor-transp-s.png 389w, https:\/\/braeve.dk\/wp-content\/uploads\/2024\/09\/Uffe-senior-advisor-transp-s-300x300.png 300w, https:\/\/braeve.dk\/wp-content\/uploads\/2024\/09\/Uffe-senior-advisor-transp-s-150x150.png 150w\" sizes=\"auto, (max-width: 389px) 100vw, 389px\" \/><\/figure>\n<\/div>\n\n\n<p><\/p>\n\n\n\n<h3 class=\"wp-block-heading has-text-align-center has-neve-text-color-color has-text-color\">Uffe Krogh<\/h3>\n\n\n\n<p class=\"has-text-align-center has-neve-text-color-color has-text-color\">Senior Project Manager<\/p>\n<\/div>\n\n\n\n<div class=\"wp-block-column is-layout-flow wp-block-column-is-layout-flow\"><div class=\"wp-block-image\">\n<figure class=\"aligncenter size-full\"><img loading=\"lazy\" decoding=\"async\" width=\"389\" height=\"389\" src=\"https:\/\/braeve.dk\/wp-content\/uploads\/2024\/09\/Martin-L-3-transp-1.png\" alt=\"\" class=\"wp-image-558\" srcset=\"https:\/\/braeve.dk\/wp-content\/uploads\/2024\/09\/Martin-L-3-transp-1.png 389w, https:\/\/braeve.dk\/wp-content\/uploads\/2024\/09\/Martin-L-3-transp-1-300x300.png 300w, https:\/\/braeve.dk\/wp-content\/uploads\/2024\/09\/Martin-L-3-transp-1-150x150.png 150w\" sizes=\"auto, (max-width: 389px) 100vw, 389px\" \/><\/figure>\n<\/div>\n\n\n<p><\/p>\n\n\n\n<h3 class=\"wp-block-heading has-text-align-center has-neve-text-color-color has-text-color\">Martin Lohse<\/h3>\n\n\n\n<p class=\"has-text-align-center has-neve-text-color-color has-text-color\">Senior Consultant<\/p>\n<\/div>\n\n\n\n<div class=\"wp-block-column is-layout-flow wp-block-column-is-layout-flow\"><div class=\"wp-block-image\">\n<figure class=\"aligncenter size-full\"><img loading=\"lazy\" decoding=\"async\" width=\"389\" height=\"389\" src=\"https:\/\/braeve.dk\/wp-content\/uploads\/2024\/12\/Tue-Rasmussen-transparent-bw-389.png\" alt=\"\" class=\"wp-image-701\" srcset=\"https:\/\/braeve.dk\/wp-content\/uploads\/2024\/12\/Tue-Rasmussen-transparent-bw-389.png 389w, https:\/\/braeve.dk\/wp-content\/uploads\/2024\/12\/Tue-Rasmussen-transparent-bw-389-300x300.png 300w, https:\/\/braeve.dk\/wp-content\/uploads\/2024\/12\/Tue-Rasmussen-transparent-bw-389-150x150.png 150w\" sizes=\"auto, (max-width: 389px) 100vw, 389px\" \/><\/figure>\n<\/div>\n\n\n<p><\/p>\n\n\n\n<h3 class=\"wp-block-heading has-text-align-center has-neve-text-color-color has-text-color\">Tue Rasmussen<\/h3>\n\n\n\n<p class=\"has-text-align-center has-neve-text-color-color has-text-color\">Senior Consultant<br>Data Analyst | Data Management | Power BI<\/p>\n\n\n\n<h3 class=\"wp-block-heading has-text-align-center has-neve-text-color-color has-text-color\"><\/h3>\n<\/div>\n<\/div>\n\n\n\n<div class=\"wp-block-columns is-layout-flex wp-container-core-columns-is-layout-9d6595d7 wp-block-columns-is-layout-flex\">\n<div class=\"wp-block-column is-layout-flow wp-block-column-is-layout-flow\"><div class=\"wp-block-image\">\n<figure class=\"aligncenter size-full\"><img loading=\"lazy\" decoding=\"async\" width=\"372\" height=\"389\" src=\"https:\/\/braeve.dk\/wp-content\/uploads\/2024\/11\/Michael-Fyhr-Advisory-Picture-BraeveIT-bw.png\" alt=\"\" class=\"wp-image-651\" srcset=\"https:\/\/braeve.dk\/wp-content\/uploads\/2024\/11\/Michael-Fyhr-Advisory-Picture-BraeveIT-bw.png 372w, https:\/\/braeve.dk\/wp-content\/uploads\/2024\/11\/Michael-Fyhr-Advisory-Picture-BraeveIT-bw-287x300.png 287w\" sizes=\"auto, (max-width: 372px) 100vw, 372px\" \/><\/figure>\n<\/div>\n\n\n<p><\/p>\n\n\n\n<h3 class=\"wp-block-heading has-text-align-center has-neve-text-color-color has-text-color\">Michael Fyhr<\/h3>\n\n\n\n<p class=\"has-text-align-center has-neve-text-color-color has-text-color\">Advisory Board Member<\/p>\n<\/div>\n\n\n\n<div class=\"wp-block-column is-layout-flow wp-block-column-is-layout-flow\">\n<p><\/p>\n<\/div>\n\n\n\n<div class=\"wp-block-column is-layout-flow wp-block-column-is-layout-flow\">\n<p><\/p>\n\n\n\n<p class=\"has-text-align-center has-neve-text-color-color has-text-color\"><br><\/p>\n<\/div>\n<\/div>\n\n\n\n<p><\/p>\n","protected":false},"excerpt":{"rendered":"<p>Uffe Krogh Senior Project Manager Martin Lohse Senior Consultant Tue Rasmussen Senior ConsultantData Analyst | Data Management | Power BI Michael Fyhr Advisory Board Member<\/p>\n","protected":false},"author":1,"featured_media":0,"parent":0,"menu_order":0,"comment_status":"closed","ping_status":"closed","template":"","meta":{"neve_meta_sidebar":"","neve_meta_container":"","neve_meta_enable_content_width":"on","neve_meta_content_width":100,"neve_meta_title_alignment":"","neve_meta_author_avatar":"","neve_post_elements_order":"","neve_meta_disable_header":"","neve_meta_disable_footer":"","neve_meta_disable_title":"on","footnotes":""},"class_list":["post-8","page","type-page","status-publish","hentry"],"yoast_head":"<!-- This site is optimized with the Yoast SEO plugin v22.8 - https:\/\/yoast.com\/wordpress\/plugins\/seo\/ -->\n<title>Om os -<\/title>\n<meta name=\"robots\" content=\"index, follow, max-snippet:-1, max-image-preview:large, max-video-preview:-1\" \/>\n<link rel=\"canonical\" href=\"https:\/\/braeve.dk\/?page_id=8\" \/>\n<meta property=\"og:locale\" content=\"da_DK\" \/>\n<meta property=\"og:type\" content=\"article\" \/>\n<meta property=\"og:title\" content=\"Om os -\" \/>\n<meta property=\"og:description\" content=\"Uffe Krogh Senior Project Manager Martin Lohse Senior Consultant Tue Rasmussen Senior ConsultantData Analyst | Data Management | Power BI Michael Fyhr Advisory Board Member\" \/>\n<meta property=\"og:url\" content=\"https:\/\/braeve.dk\/?page_id=8\" \/>\n<meta property=\"article:modified_time\" content=\"2025-09-09T08:45:00+00:00\" \/>\n<meta property=\"og:image\" content=\"https:\/\/braeve.dk\/wp-content\/uploads\/2024\/09\/ras-transp-5.png\" \/>\n<meta name=\"twitter:card\" content=\"summary_large_image\" \/>\n<meta name=\"twitter:label1\" content=\"Estimeret l\u00e6setid\" \/>\n\t<meta name=\"twitter:data1\" content=\"2 minutter\" \/>\n<script type=\"application\/ld+json\" class=\"yoast-schema-graph\">{\"@context\":\"https:\/\/schema.org\",\"@graph\":[{\"@type\":\"WebPage\",\"@id\":\"https:\/\/braeve.dk\/?page_id=8\",\"url\":\"https:\/\/braeve.dk\/?page_id=8\",\"name\":\"Om os -\",\"isPartOf\":{\"@id\":\"https:\/\/braeve.dk\/#website\"},\"primaryImageOfPage\":{\"@id\":\"https:\/\/braeve.dk\/?page_id=8#primaryimage\"},\"image\":{\"@id\":\"https:\/\/braeve.dk\/?page_id=8#primaryimage\"},\"thumbnailUrl\":\"https:\/\/braeve.dk\/wp-content\/uploads\/2024\/09\/ras-transp-5.png\",\"datePublished\":\"2024-06-03T12:50:56+00:00\",\"dateModified\":\"2025-09-09T08:45:00+00:00\",\"breadcrumb\":{\"@id\":\"https:\/\/braeve.dk\/?page_id=8#breadcrumb\"},\"inLanguage\":\"da-DK\",\"potentialAction\":[{\"@type\":\"ReadAction\",\"target\":[\"https:\/\/braeve.dk\/?page_id=8\"]}]},{\"@type\":\"ImageObject\",\"inLanguage\":\"da-DK\",\"@id\":\"https:\/\/braeve.dk\/?page_id=8#primaryimage\",\"url\":\"https:\/\/braeve.dk\/wp-content\/uploads\/2024\/09\/ras-transp-5.png\",\"contentUrl\":\"https:\/\/braeve.dk\/wp-content\/uploads\/2024\/09\/ras-transp-5.png\",\"width\":450,\"height\":450},{\"@type\":\"BreadcrumbList\",\"@id\":\"https:\/\/braeve.dk\/?page_id=8#breadcrumb\",\"itemListElement\":[{\"@type\":\"ListItem\",\"position\":1,\"name\":\"Hjem\",\"item\":\"https:\/\/braeve.dk\/\"},{\"@type\":\"ListItem\",\"position\":2,\"name\":\"Om os\"}]},{\"@type\":\"WebSite\",\"@id\":\"https:\/\/braeve.dk\/#website\",\"url\":\"https:\/\/braeve.dk\/\",\"name\":\"\",\"description\":\"\",\"potentialAction\":[{\"@type\":\"SearchAction\",\"target\":{\"@type\":\"EntryPoint\",\"urlTemplate\":\"https:\/\/braeve.dk\/?s={search_term_string}\"},\"query-input\":\"required name=search_term_string\"}],\"inLanguage\":\"da-DK\"}]}<\/script>\n<!-- \/ Yoast SEO plugin. -->","yoast_head_json":{"title":"Om os -","robots":{"index":"index","follow":"follow","max-snippet":"max-snippet:-1","max-image-preview":"max-image-preview:large","max-video-preview":"max-video-preview:-1"},"canonical":"https:\/\/braeve.dk\/?page_id=8","og_locale":"da_DK","og_type":"article","og_title":"Om os -","og_description":"Uffe Krogh Senior Project Manager Martin Lohse Senior Consultant Tue Rasmussen Senior ConsultantData Analyst | Data Management | Power BI Michael Fyhr Advisory Board Member","og_url":"https:\/\/braeve.dk\/?page_id=8","article_modified_time":"2025-09-09T08:45:00+00:00","og_image":[{"url":"https:\/\/braeve.dk\/wp-content\/uploads\/2024\/09\/ras-transp-5.png"}],"twitter_card":"summary_large_image","twitter_misc":{"Estimeret l\u00e6setid":"2 minutter"},"schema":{"@context":"https:\/\/schema.org","@graph":[{"@type":"WebPage","@id":"https:\/\/braeve.dk\/?page_id=8","url":"https:\/\/braeve.dk\/?page_id=8","name":"Om os -","isPartOf":{"@id":"https:\/\/braeve.dk\/#website"},"primaryImageOfPage":{"@id":"https:\/\/braeve.dk\/?page_id=8#primaryimage"},"image":{"@id":"https:\/\/braeve.dk\/?page_id=8#primaryimage"},"thumbnailUrl":"https:\/\/braeve.dk\/wp-content\/uploads\/2024\/09\/ras-transp-5.png","datePublished":"2024-06-03T12:50:56+00:00","dateModified":"2025-09-09T08:45:00+00:00","breadcrumb":{"@id":"https:\/\/braeve.dk\/?page_id=8#breadcrumb"},"inLanguage":"da-DK","potentialAction":[{"@type":"ReadAction","target":["https:\/\/braeve.dk\/?page_id=8"]}]},{"@type":"ImageObject","inLanguage":"da-DK","@id":"https:\/\/braeve.dk\/?page_id=8#primaryimage","url":"https:\/\/braeve.dk\/wp-content\/uploads\/2024\/09\/ras-transp-5.png","contentUrl":"https:\/\/braeve.dk\/wp-content\/uploads\/2024\/09\/ras-transp-5.png","width":450,"height":450},{"@type":"BreadcrumbList","@id":"https:\/\/braeve.dk\/?page_id=8#breadcrumb","itemListElement":[{"@type":"ListItem","position":1,"name":"Hjem","item":"https:\/\/braeve.dk\/"},{"@type":"ListItem","position":2,"name":"Om os"}]},{"@type":"WebSite","@id":"https:\/\/braeve.dk\/#website","url":"https:\/\/braeve.dk\/","name":"","description":"","potentialAction":[{"@type":"SearchAction","target":{"@type":"EntryPoint","urlTemplate":"https:\/\/braeve.dk\/?s={search_term_string}"},"query-input":"required name=search_term_string"}],"inLanguage":"da-DK"}]}},"_links":{"self":[{"href":"https:\/\/braeve.dk\/index.php?rest_route=\/wp\/v2\/pages\/8","targetHints":{"allow":["GET"]}}],"collection":[{"href":"https:\/\/braeve.dk\/index.php?rest_route=\/wp\/v2\/pages"}],"about":[{"href":"https:\/\/braeve.dk\/index.php?rest_route=\/wp\/v2\/types\/page"}],"author":[{"embeddable":true,"href":"https:\/\/braeve.dk\/index.php?rest_route=\/wp\/v2\/users\/1"}],"replies":[{"embeddable":true,"href":"https:\/\/braeve.dk\/index.php?rest_route=%2Fwp%2Fv2%2Fcomments&post=8"}],"version-history":[{"count":65,"href":"https:\/\/braeve.dk\/index.php?rest_route=\/wp\/v2\/pages\/8\/revisions"}],"predecessor-version":[{"id":784,"href":"https:\/\/braeve.dk\/index.php?rest_route=\/wp\/v2\/pages\/8\/revisions\/784"}],"wp:attachment":[{"href":"https:\/\/braeve.dk\/index.php?rest_route=%2Fwp%2Fv2%2Fmedia&parent=8"}],"curies":[{"name":"wp","href":"https:\/\/api.w.org\/{rel}","templated":true}]}}